{"id":5757,"date":"2026-03-13T17:00:59","date_gmt":"2026-03-13T16:00:59","guid":{"rendered":"https:\/\/www.tourisme-valdegray.com\/accueil\/"},"modified":"2026-03-13T17:00:59","modified_gmt":"2026-03-13T16:00:59","slug":"accueil","status":"publish","type":"page","link":"https:\/\/www.tourisme-valdegray.com\/en\/","title":{"rendered":"Bienvenue"},"content":{"rendered":"<div style=\"position: relative; width: 100vw; margin-left: calc(-50vw + 50%); height: 50vh; overflow: hidden;\"><img decoding=\"async\" class=\"fill\" style=\"display: block; width: 100%; height: 100%; object-fit: cover;\" src=\"https:\/\/www.tourisme-valdegray.com\/wp-content\/uploads\/Audacieux-\u00a9OT-VAL-DE-GRAY-1-scaled.jpg\" alt=\"Image de la sa\u00f4ne\" \/><br \/>\n<img decoding=\"async\" style=\"position: absolute; bottom: 20px; right: 20px; width: 180px; height: auto;\" src=\"https:\/\/www.tourisme-valdegray.com\/wp-content\/uploads\/t4.png\" alt=\"Bienvenue\" \/><\/div>\n<div style=\"text-align: center; margin: 40px 0;\">\n<h2 style=\"letter-spacing: 3px; text-transform: uppercase; font-size: 22px;\">\u2014 LES INCONTOURNABLES \u2014<\/h2>\n<p style=\"font-style: italic; color: #888; margin-top: -10px;\">A voir, \u00e0 faire<\/p>\n<\/div>\n<div class=\"row\">\n<article class=\"post col-sm-4\">\n<figure class=\"post-gallery\"><img decoding=\"async\" class=\"img-responsive\" src=\"https:\/\/www.tourisme-valdegray.com\/wp-content\/uploads\/PHOTOS-COUVERTURE-ARTICLE-SITE-1.png\" alt=\"D\u00e9couverte de la basilique\" \/><\/figure>\n<header class=\"post-title entry-header\">\n<h4 class=\"headline\">D\u00e9couvrir la ville haute de Gray avec une guide passionn\u00e9e<\/h4>\n<\/header>\n<div class=\"post-content\">\n<p>Se perdre entre les ruelles, trajes ou escaliers de Gray est un excellent programme, mais alors avec une guide conf\u00e9renci\u00e8re, c\u2019est encore mieux. En plus de d\u00e9couvrir le patrimoine Graylois \u00e0 travers un circuit touristique, vous aurez la chance de rentrer dans chaque monument, du plus imposant au plus insolite avec explications et anecdotes historiques [\u2026]<\/p>\n<p>&nbsp;<\/p>\n<\/div>\n<\/article>\n<article class=\"post col-sm-4\">\n<figure class=\"post-gallery\"><img decoding=\"async\" class=\"img-responsive\" src=\"https:\/\/www.tourisme-valdegray.com\/wp-content\/uploads\/PHOTOS-COUVERTURE-ARTICLE-SITE-2.png\" alt=\"TITRE_2\" \/><\/figure>\n<header class=\"post-title entry-header\">\n<h4 class=\"headline\">Naviguer sur la Sa\u00f4ne le temps d\u2019une balade<\/h4>\n<\/header>\n<div class=\"post-content\">\n<p>Que diriez-vous d\u2019une balade sur la Sa\u00f4ne \u00e0 Gray ? Croisi\u00e8re promenade ou repas A bord de l\u2019Audacieux, bas\u00e9 quai Mavia, partez d\u00e9couvrir la Sa\u00f4ne autrement, lors d\u2019une balade comment\u00e9e d\u20191h30 avec passage d\u2019\u00e9cluse. Le capitaine passionn\u00e9 vous contera l\u2019histoire des personnages Graylois c\u00e9l\u00e8bres, l\u2019\u00e9volution du tourisme fluvial, des pr\u00e9cisions sur le patrimoine, et [\u2026]<\/p>\n<\/div>\n<\/article>\n<article class=\"post col-sm-4\">\n<figure class=\"post-gallery\"><img decoding=\"async\" class=\"img-responsive\" src=\"https:\/\/www.tourisme-valdegray.com\/wp-content\/uploads\/PHOTOS-COUVERTURE-ARTICLE-SITE-3.png\" alt=\"TITRE_3\" \/><\/figure>\n<header class=\"post-title entry-header\">\n<h4 class=\"headline\">P\u00e9daler sur la Voie Bleue pour se ressourcer<\/h4>\n<\/header>\n<div class=\"post-content\">\n<p>Pour une journ\u00e9e, un week-end ou une semaine, la Voie Bleue vous permet de p\u00e9daler en toute s\u00e9curit\u00e9 dans un cadre verdoyant. 700 km de voyage \u00e0 v\u00e9lo au bord de l\u2019eau, du Luxembourg \u00e0 Lyon. Un itin\u00e9raire pour les curieux, les gourmands et les amoureux du bien-vivre et des belles rencontres. Depuis Gray, diff\u00e9rentes courtes [\u2026]<\/p>\n<\/div>\n<\/article>\n<\/div>\n<div class=\"panoramic-photo\" style=\"background-image: url('https:\/\/www.tourisme-valdegray.com\/wp-content\/uploads\/20240806_183318-scaled-e1739457492985.jpg');\"><\/div>\n<div class=\"post-type2 container\">\n<header class=\"block-title\">\n<div class=\"subtitle\"><\/div>\n<h2 class=\"headline\">NOS P\u00c9PITES<\/h2>\n<\/header>\n<div class=\"row\">\n<article class=\"post col-sm-6\">\n<figure class=\"post-gallery\"><a class=\"promoted-articles__article\" href=\" https:\/\/www.tourisme-valdegray.com\/musee-baron-martin\/\"><br \/>\n<img decoding=\"async\" class=\"img-responsive promoted-articles__image width:100%; height:300px; object-fit:cover;\" src=\"https:\/\/www.tourisme-valdegray.com\/wp-content\/uploads\/PHOTOS-COUVERTURE-ARTICLE-SITE-2-1-3bdu5np2jgluqspnbu4ubfjkaxh56cjp9os50yb2nem7fah34.png\" alt=\"Mus\u00e9e baron Martin\" \/><br \/>\n<\/a><\/figure>\n<\/article>\n<article class=\"post col-sm-6\">\n<figure class=\"post-gallery\"><a class=\"promoted-articles__article\" href=\"LIEN_ARTICLE_2\"><br \/>\n<img decoding=\"async\" class=\"img-responsive promoted-articles__image width:100%; height:300px; object-fit:cover;\" src=\"https:\/\/www.tourisme-valdegray.com\/wp-content\/uploads\/ROAD-TRIP-37sil4fsvlzvfcddfo6ftuqvogje36l1yj3s9zeq8s3sinls0.png\" alt=\"TITRE_2\" \/><br \/>\n<\/a><\/figure>\n<\/article>\n<article class=\"post col-sm-6\">\n<figure class=\"post-gallery\"><a class=\"promoted-articles__article\" href=\"LIEN_ARTICLE_3\"><br \/>\n<img decoding=\"async\" class=\"img-responsive promoted-articles__image width:100%; height:300px; object-fit:cover;\" src=\"https:\/\/www.tourisme-valdegray.com\/wp-content\/uploads\/ROAD-TRIP-2-37sph1mzhxv8qur2ioyxbtq1h2uofavyupok0mmdarn6vnhmo.png\" alt=\"TITRE_3\" \/><br \/>\n<\/a><\/figure>\n<\/article>\n<article class=\"post col-sm-6\">\n<figure class=\"post-gallery\"><a class=\"promoted-articles__article\" href=\"LIEN_ARTICLE_4\"><br \/>\n<img decoding=\"async\" class=\"img-responsive promoted-articles__image width:100%; height:300px; object-fit:cover;\" src=\"https:\/\/www.tourisme-valdegray.com\/wp-content\/uploads\/ROAD-TRIP-1-37spg593cherza16fu9ld8cxa3jm3jubl1x82h1xhg9jmugao.png\" alt=\"TITRE_4\" \/><br \/>\n<\/a><\/figure>\n<\/article>\n<\/div>\n<\/div>\n","protected":false},"excerpt":{"rendered":"<p>\u2014 LES INCONTOURNABLES \u2014 A voir, \u00e0 faire D\u00e9couvrir la ville haute de Gray avec une guide passionn\u00e9e Se perdre entre les ruelles, trajes ou escaliers de Gray est un excellent programme, mais alors avec une guide conf\u00e9renci\u00e8re, c\u2019est encore mieux. En plus de d\u00e9couvrir le patrimoine Graylois \u00e0 travers un circuit touristique, vous aurez [&hellip;]<\/p>\n","protected":false},"author":6,"featured_media":0,"parent":0,"menu_order":0,"comment_status":"closed","ping_status":"closed","template":"","meta":{"_acf_changed":false,"footnotes":""},"class_list":["post-5757","page","type-page","status-publish","hentry"],"acf":[],"_links":{"self":[{"href":"https:\/\/www.tourisme-valdegray.com\/en\/wp-json\/wp\/v2\/pages\/5757","targetHints":{"allow":["GET"]}}],"collection":[{"href":"https:\/\/www.tourisme-valdegray.com\/en\/wp-json\/wp\/v2\/pages"}],"about":[{"href":"https:\/\/www.tourisme-valdegray.com\/en\/wp-json\/wp\/v2\/types\/page"}],"author":[{"embeddable":true,"href":"https:\/\/www.tourisme-valdegray.com\/en\/wp-json\/wp\/v2\/users\/6"}],"replies":[{"embeddable":true,"href":"https:\/\/www.tourisme-valdegray.com\/en\/wp-json\/wp\/v2\/comments?post=5757"}],"version-history":[{"count":0,"href":"https:\/\/www.tourisme-valdegray.com\/en\/wp-json\/wp\/v2\/pages\/5757\/revisions"}],"wp:attachment":[{"href":"https:\/\/www.tourisme-valdegray.com\/en\/wp-json\/wp\/v2\/media?parent=5757"}],"curies":[{"name":"wp","href":"https:\/\/api.w.org\/{rel}","templated":true}]}}